{"id":519,"date":"2023-04-04T15:07:38","date_gmt":"2023-04-04T15:07:38","guid":{"rendered":"https:\/\/leaderlamp.cl\/leaderlamp\/?page_id=519"},"modified":"2023-07-24T21:58:58","modified_gmt":"2023-07-24T21:58:58","slug":"nuestros-productos","status":"publish","type":"page","link":"https:\/\/leaderlamp.cl\/leaderlamp\/nuestros-productos\/","title":{"rendered":"Nuestros Productos"},"content":{"rendered":"\t\t<div data-elementor-type=\"wp-page\" data-elementor-id=\"519\" class=\"elementor elementor-519\">\n\t\t\t\t\t\t\t\t\t<section class=\"elementor-section elementor-top-section elementor-element elementor-element-3cf40f4 elementor-section-boxed elementor-section-height-default elementor-section-height-default\" data-id=\"3cf40f4\" data-element_type=\"section\">\n\t\t\t\t\t\t<div class=\"elementor-container elementor-column-gap-default\">\n\t\t\t\t\t<div class=\"elementor-column elementor-col-100 elementor-top-column elementor-element elementor-element-c7878c2\" data-id=\"c7878c2\" data-element_type=\"column\">\n\t\t\t<div class=\"elementor-widget-wrap elementor-element-populated\">\n\t\t\t\t\t\t\t\t<div class=\"elementor-element elementor-element-60fe053 elementor-widget elementor-widget-heading\" data-id=\"60fe053\" data-element_type=\"widget\" data-widget_type=\"heading.default\">\n\t\t\t\t<div class=\"elementor-widget-container\">\n\t\t\t<style>\/*! elementor - v3.13.1 - 09-05-2023 *\/\n.elementor-heading-title{padding:0;margin:0;line-height:1}.elementor-widget-heading .elementor-heading-title[class*=elementor-size-]>a{color:inherit;font-size:inherit;line-height:inherit}.elementor-widget-heading .elementor-heading-title.elementor-size-small{font-size:15px}.elementor-widget-heading .elementor-heading-title.elementor-size-medium{font-size:19px}.elementor-widget-heading .elementor-heading-title.elementor-size-large{font-size:29px}.elementor-widget-heading .elementor-heading-title.elementor-size-xl{font-size:39px}.elementor-widget-heading .elementor-heading-title.elementor-size-xxl{font-size:59px}<\/style><h2 class=\"elementor-heading-title elementor-size-default\">Nuestros productos<\/h2>\t\t<\/div>\n\t\t\t\t<\/div>\n\t\t\t\t\t<\/div>\n\t\t<\/div>\n\t\t\t\t\t\t\t<\/div>\n\t\t<\/section>\n\t\t\t\t<section class=\"elementor-section elementor-top-section elementor-element elementor-element-a823ff6 elementor-section-boxed elementor-section-height-default elementor-section-height-default\" data-id=\"a823ff6\" data-element_type=\"section\">\n\t\t\t\t\t\t<div class=\"elementor-container elementor-column-gap-default\">\n\t\t\t\t\t<div class=\"elementor-column elementor-col-100 elementor-top-column elementor-element elementor-element-22c53c5\" data-id=\"22c53c5\" data-element_type=\"column\">\n\t\t\t<div class=\"elementor-widget-wrap elementor-element-populated\">\n\t\t\t\t\t\t\t\t<div class=\"elementor-element elementor-element-300885c elementor-widget elementor-widget-image\" data-id=\"300885c\" data-element_type=\"widget\" data-widget_type=\"image.default\">\n\t\t\t\t<div class=\"elementor-widget-container\">\n\t\t\t<style>\/*! elementor - v3.13.1 - 09-05-2023 *\/\n.elementor-widget-image{text-align:center}.elementor-widget-image a{display:inline-block}.elementor-widget-image a img[src$=\".svg\"]{width:48px}.elementor-widget-image img{vertical-align:middle;display:inline-block}<\/style>\t\t\t\t\t\t\t\t\t\t\t\t<img loading=\"lazy\" decoding=\"async\" width=\"994\" height=\"166\" src=\"https:\/\/leaderlamp.cl\/leaderlamp\/wp-content\/uploads\/2023\/07\/tipo-lampara.png\" class=\"attachment-large size-large wp-image-1468\" alt=\"Componentes de la l\u00e1mpara para proyector\" srcset=\"https:\/\/leaderlamp.cl\/leaderlamp\/wp-content\/uploads\/2023\/07\/tipo-lampara.png 994w, https:\/\/leaderlamp.cl\/leaderlamp\/wp-content\/uploads\/2023\/07\/tipo-lampara-300x50.png 300w, https:\/\/leaderlamp.cl\/leaderlamp\/wp-content\/uploads\/2023\/07\/tipo-lampara-768x128.png 768w\" sizes=\"auto, (max-width: 994px) 100vw, 994px\" \/>\t\t\t\t\t\t\t\t\t\t\t\t\t\t\t<\/div>\n\t\t\t\t<\/div>\n\t\t\t\t<div class=\"elementor-element elementor-element-18549af elementor-widget-divider--view-line elementor-widget elementor-widget-divider\" data-id=\"18549af\" data-element_type=\"widget\" data-widget_type=\"divider.default\">\n\t\t\t\t<div class=\"elementor-widget-container\">\n\t\t\t<style>\/*! elementor - v3.13.1 - 09-05-2023 *\/\n.elementor-widget-divider{--divider-border-style:none;--divider-border-width:1px;--divider-color:#0c0d0e;--divider-icon-size:20px;--divider-element-spacing:10px;--divider-pattern-height:24px;--divider-pattern-size:20px;--divider-pattern-url:none;--divider-pattern-repeat:repeat-x}.elementor-widget-divider .elementor-divider{display:flex}.elementor-widget-divider .elementor-divider__text{font-size:15px;line-height:1;max-width:95%}.elementor-widget-divider .elementor-divider__element{margin:0 var(--divider-element-spacing);flex-shrink:0}.elementor-widget-divider .elementor-icon{font-size:var(--divider-icon-size)}.elementor-widget-divider .elementor-divider-separator{display:flex;margin:0;direction:ltr}.elementor-widget-divider--view-line_icon .elementor-divider-separator,.elementor-widget-divider--view-line_text .elementor-divider-separator{align-items:center}.elementor-widget-divider--view-line_icon .elementor-divider-separator:after,.elementor-widget-divider--view-line_icon .elementor-divider-separator:before,.elementor-widget-divider--view-line_text .elementor-divider-separator:after,.elementor-widget-divider--view-line_text .elementor-divider-separator:before{display:block;content:\"\";border-bottom:0;flex-grow:1;border-top:var(--divider-border-width) var(--divider-border-style) var(--divider-color)}.elementor-widget-divider--element-align-left .elementor-divider .elementor-divider-separator>.elementor-divider__svg:first-of-type{flex-grow:0;flex-shrink:100}.elementor-widget-divider--element-align-left .elementor-divider-separator:before{content:none}.elementor-widget-divider--element-align-left .elementor-divider__element{margin-left:0}.elementor-widget-divider--element-align-right .elementor-divider .elementor-divider-separator>.elementor-divider__svg:last-of-type{flex-grow:0;flex-shrink:100}.elementor-widget-divider--element-align-right .elementor-divider-separator:after{content:none}.elementor-widget-divider--element-align-right .elementor-divider__element{margin-right:0}.elementor-widget-divider:not(.elementor-widget-divider--view-line_text):not(.elementor-widget-divider--view-line_icon) .elementor-divider-separator{border-top:var(--divider-border-width) var(--divider-border-style) var(--divider-color)}.elementor-widget-divider--separator-type-pattern{--divider-border-style:none}.elementor-widget-divider--separator-type-pattern.elementor-widget-divider--view-line .elementor-divider-separator,.elementor-widget-divider--separator-type-pattern:not(.elementor-widget-divider--view-line) .elementor-divider-separator:after,.elementor-widget-divider--separator-type-pattern:not(.elementor-widget-divider--view-line) .elementor-divider-separator:before,.elementor-widget-divider--separator-type-pattern:not([class*=elementor-widget-divider--view]) .elementor-divider-separator{width:100%;min-height:var(--divider-pattern-height);-webkit-mask-size:var(--divider-pattern-size) 100%;mask-size:var(--divider-pattern-size) 100%;-webkit-mask-repeat:var(--divider-pattern-repeat);mask-repeat:var(--divider-pattern-repeat);background-color:var(--divider-color);-webkit-mask-image:var(--divider-pattern-url);mask-image:var(--divider-pattern-url)}.elementor-widget-divider--no-spacing{--divider-pattern-size:auto}.elementor-widget-divider--bg-round{--divider-pattern-repeat:round}.rtl .elementor-widget-divider .elementor-divider__text{direction:rtl}.e-con-inner>.elementor-widget-divider,.e-con>.elementor-widget-divider{width:var(--container-widget-width,100%);--flex-grow:var(--container-widget-flex-grow)}<\/style>\t\t<div class=\"elementor-divider\">\n\t\t\t<span class=\"elementor-divider-separator\">\n\t\t\t\t\t\t<\/span>\n\t\t<\/div>\n\t\t\t\t<\/div>\n\t\t\t\t<\/div>\n\t\t\t\t\t<\/div>\n\t\t<\/div>\n\t\t\t\t\t\t\t<\/div>\n\t\t<\/section>\n\t\t\t\t<section class=\"elementor-section elementor-top-section elementor-element elementor-element-8e8d588 elementor-section-boxed elementor-section-height-default elementor-section-height-default\" data-id=\"8e8d588\" data-element_type=\"section\">\n\t\t\t\t\t\t<div class=\"elementor-container elementor-column-gap-default\">\n\t\t\t\t\t<div class=\"elementor-column elementor-col-100 elementor-top-column elementor-element elementor-element-45ee21a\" data-id=\"45ee21a\" data-element_type=\"column\">\n\t\t\t<div class=\"elementor-widget-wrap elementor-element-populated\">\n\t\t\t\t\t\t\t\t<div class=\"elementor-element elementor-element-57f379b elementor-widget elementor-widget-heading\" data-id=\"57f379b\" data-element_type=\"widget\" data-widget_type=\"heading.default\">\n\t\t\t\t<div class=\"elementor-widget-container\">\n\t\t\t<div class=\"elementor-heading-title elementor-size-default\">As\u00ed se compone el producto que usted comprar\u00e1..<\/div>\t\t<\/div>\n\t\t\t\t<\/div>\n\t\t\t\t\t<\/div>\n\t\t<\/div>\n\t\t\t\t\t\t\t<\/div>\n\t\t<\/section>\n\t\t\t\t<section class=\"elementor-section elementor-top-section elementor-element elementor-element-19a91fe elementor-section-boxed elementor-section-height-default elementor-section-height-default\" data-id=\"19a91fe\" data-element_type=\"section\">\n\t\t\t\t\t\t<div class=\"elementor-container elementor-column-gap-default\">\n\t\t\t\t\t<div class=\"elementor-column elementor-col-25 elementor-top-column elementor-element elementor-element-6b4b7ce\" data-id=\"6b4b7ce\" data-element_type=\"column\">\n\t\t\t<div class=\"elementor-widget-wrap elementor-element-populated\">\n\t\t\t\t\t\t\t\t<div class=\"elementor-element elementor-element-af78d9f elementor-widget elementor-widget-image\" data-id=\"af78d9f\" data-element_type=\"widget\" data-widget_type=\"image.default\">\n\t\t\t\t<div class=\"elementor-widget-container\">\n\t\t\t\t\t\t\t\t\t\t\t\t<figure class=\"wp-caption\">\n\t\t\t\t\t\t\t\t\t\t<img loading=\"lazy\" decoding=\"async\" width=\"816\" height=\"571\" src=\"https:\/\/leaderlamp.cl\/leaderlamp\/wp-content\/uploads\/2023\/04\/bulbo-lampara.png\" class=\"attachment-large size-large wp-image-523\" alt=\"Bulbo l\u00e1mpara 100% original\" srcset=\"https:\/\/leaderlamp.cl\/leaderlamp\/wp-content\/uploads\/2023\/04\/bulbo-lampara.png 816w, https:\/\/leaderlamp.cl\/leaderlamp\/wp-content\/uploads\/2023\/04\/bulbo-lampara-300x210.png 300w, https:\/\/leaderlamp.cl\/leaderlamp\/wp-content\/uploads\/2023\/04\/bulbo-lampara-768x537.png 768w\" sizes=\"auto, (max-width: 816px) 100vw, 816px\" \/>\t\t\t\t\t\t\t\t\t\t\t<figcaption class=\"widget-image-caption wp-caption-text\">Bulbo l\u00e1mpara 100% original<\/figcaption>\n\t\t\t\t\t\t\t\t\t\t<\/figure>\n\t\t\t\t\t\t\t\t\t<\/div>\n\t\t\t\t<\/div>\n\t\t\t\t\t<\/div>\n\t\t<\/div>\n\t\t\t\t<div class=\"elementor-column elementor-col-25 elementor-top-column elementor-element elementor-element-c8ea877\" data-id=\"c8ea877\" data-element_type=\"column\">\n\t\t\t<div class=\"elementor-widget-wrap elementor-element-populated\">\n\t\t\t\t\t\t\t\t<div class=\"elementor-element elementor-element-198b9e4 elementor-widget elementor-widget-image\" data-id=\"198b9e4\" data-element_type=\"widget\" data-widget_type=\"image.default\">\n\t\t\t\t<div class=\"elementor-widget-container\">\n\t\t\t\t\t\t\t\t\t\t\t\t<figure class=\"wp-caption\">\n\t\t\t\t\t\t\t\t\t\t<img loading=\"lazy\" decoding=\"async\" width=\"816\" height=\"571\" src=\"https:\/\/leaderlamp.cl\/leaderlamp\/wp-content\/uploads\/2023\/04\/carcasa-lampara-1.png\" class=\"attachment-large size-large wp-image-528\" alt=\"Carcasa lampara\" srcset=\"https:\/\/leaderlamp.cl\/leaderlamp\/wp-content\/uploads\/2023\/04\/carcasa-lampara-1.png 816w, https:\/\/leaderlamp.cl\/leaderlamp\/wp-content\/uploads\/2023\/04\/carcasa-lampara-1-300x210.png 300w, https:\/\/leaderlamp.cl\/leaderlamp\/wp-content\/uploads\/2023\/04\/carcasa-lampara-1-768x537.png 768w\" sizes=\"auto, (max-width: 816px) 100vw, 816px\" \/>\t\t\t\t\t\t\t\t\t\t\t<figcaption class=\"widget-image-caption wp-caption-text\">Carcasa l\u00e1mpara gen\u00e9rica<\/figcaption>\n\t\t\t\t\t\t\t\t\t\t<\/figure>\n\t\t\t\t\t\t\t\t\t<\/div>\n\t\t\t\t<\/div>\n\t\t\t\t\t<\/div>\n\t\t<\/div>\n\t\t\t\t<div class=\"elementor-column elementor-col-25 elementor-top-column elementor-element elementor-element-b7b9471\" data-id=\"b7b9471\" data-element_type=\"column\">\n\t\t\t<div class=\"elementor-widget-wrap elementor-element-populated\">\n\t\t\t\t\t\t\t\t<div class=\"elementor-element elementor-element-b633a26 elementor-widget elementor-widget-image\" data-id=\"b633a26\" data-element_type=\"widget\" data-widget_type=\"image.default\">\n\t\t\t\t<div class=\"elementor-widget-container\">\n\t\t\t\t\t\t\t\t\t\t\t\t<figure class=\"wp-caption\">\n\t\t\t\t\t\t\t\t\t\t<img loading=\"lazy\" decoding=\"async\" width=\"816\" height=\"571\" src=\"https:\/\/leaderlamp.cl\/leaderlamp\/wp-content\/uploads\/2023\/04\/lamparra.png\" class=\"attachment-large size-large wp-image-530\" alt=\"Lampara\" srcset=\"https:\/\/leaderlamp.cl\/leaderlamp\/wp-content\/uploads\/2023\/04\/lamparra.png 816w, https:\/\/leaderlamp.cl\/leaderlamp\/wp-content\/uploads\/2023\/04\/lamparra-300x210.png 300w, https:\/\/leaderlamp.cl\/leaderlamp\/wp-content\/uploads\/2023\/04\/lamparra-768x537.png 768w\" sizes=\"auto, (max-width: 816px) 100vw, 816px\" \/>\t\t\t\t\t\t\t\t\t\t\t<figcaption class=\"widget-image-caption wp-caption-text\">L\u00e1mpara<\/figcaption>\n\t\t\t\t\t\t\t\t\t\t<\/figure>\n\t\t\t\t\t\t\t\t\t<\/div>\n\t\t\t\t<\/div>\n\t\t\t\t\t<\/div>\n\t\t<\/div>\n\t\t\t\t<div class=\"elementor-column elementor-col-25 elementor-top-column elementor-element elementor-element-aae5b37\" data-id=\"aae5b37\" data-element_type=\"column\">\n\t\t\t<div class=\"elementor-widget-wrap elementor-element-populated\">\n\t\t\t\t\t\t\t\t<div class=\"elementor-element elementor-element-0484d87 elementor-widget elementor-widget-image\" data-id=\"0484d87\" data-element_type=\"widget\" data-widget_type=\"image.default\">\n\t\t\t\t<div class=\"elementor-widget-container\">\n\t\t\t\t\t\t\t\t\t\t\t\t<figure class=\"wp-caption\">\n\t\t\t\t\t\t\t\t\t\t<img loading=\"lazy\" decoding=\"async\" width=\"816\" height=\"571\" src=\"https:\/\/leaderlamp.cl\/leaderlamp\/wp-content\/uploads\/2023\/04\/embalaje-lampara.png\" class=\"attachment-large size-large wp-image-531\" alt=\"Embalaje lampara\" srcset=\"https:\/\/leaderlamp.cl\/leaderlamp\/wp-content\/uploads\/2023\/04\/embalaje-lampara.png 816w, https:\/\/leaderlamp.cl\/leaderlamp\/wp-content\/uploads\/2023\/04\/embalaje-lampara-300x210.png 300w, https:\/\/leaderlamp.cl\/leaderlamp\/wp-content\/uploads\/2023\/04\/embalaje-lampara-768x537.png 768w\" sizes=\"auto, (max-width: 816px) 100vw, 816px\" \/>\t\t\t\t\t\t\t\t\t\t\t<figcaption class=\"widget-image-caption wp-caption-text\">Embalaje gen\u00e9rico l\u00e1mpara<\/figcaption>\n\t\t\t\t\t\t\t\t\t\t<\/figure>\n\t\t\t\t\t\t\t\t\t<\/div>\n\t\t\t\t<\/div>\n\t\t\t\t\t<\/div>\n\t\t<\/div>\n\t\t\t\t\t\t\t<\/div>\n\t\t<\/section>\n\t\t\t\t<section class=\"elementor-section elementor-top-section elementor-element elementor-element-7c3ee1e elementor-section-boxed elementor-section-height-default elementor-section-height-default\" data-id=\"7c3ee1e\" data-element_type=\"section\">\n\t\t\t\t\t\t<div class=\"elementor-container elementor-column-gap-default\">\n\t\t\t\t\t<div class=\"elementor-column elementor-col-100 elementor-top-column elementor-element elementor-element-5098b10\" data-id=\"5098b10\" data-element_type=\"column\">\n\t\t\t<div class=\"elementor-widget-wrap elementor-element-populated\">\n\t\t\t\t\t\t\t\t<div class=\"elementor-element elementor-element-a395f3d elementor-widget-divider--view-line elementor-widget elementor-widget-divider\" data-id=\"a395f3d\" data-element_type=\"widget\" data-widget_type=\"divider.default\">\n\t\t\t\t<div class=\"elementor-widget-container\">\n\t\t\t\t\t<div class=\"elementor-divider\">\n\t\t\t<span class=\"elementor-divider-separator\">\n\t\t\t\t\t\t<\/span>\n\t\t<\/div>\n\t\t\t\t<\/div>\n\t\t\t\t<\/div>\n\t\t\t\t\t<\/div>\n\t\t<\/div>\n\t\t\t\t\t\t\t<\/div>\n\t\t<\/section>\n\t\t\t\t<section class=\"elementor-section elementor-top-section elementor-element elementor-element-4c3cdf7 elementor-section-boxed elementor-section-height-default elementor-section-height-default\" data-id=\"4c3cdf7\" data-element_type=\"section\">\n\t\t\t\t\t\t<div class=\"elementor-container elementor-column-gap-default\">\n\t\t\t\t\t<div class=\"elementor-column elementor-col-100 elementor-top-column elementor-element elementor-element-42e66bd\" data-id=\"42e66bd\" data-element_type=\"column\">\n\t\t\t<div class=\"elementor-widget-wrap elementor-element-populated\">\n\t\t\t\t\t\t\t\t<div class=\"elementor-element elementor-element-f1dbdaf elementor-widget elementor-widget-heading\" data-id=\"f1dbdaf\" data-element_type=\"widget\" data-widget_type=\"heading.default\">\n\t\t\t\t<div class=\"elementor-widget-container\">\n\t\t\t<div class=\"elementor-heading-title elementor-size-default\">Certificado de origen.<\/div>\t\t<\/div>\n\t\t\t\t<\/div>\n\t\t\t\t\t<\/div>\n\t\t<\/div>\n\t\t\t\t\t\t\t<\/div>\n\t\t<\/section>\n\t\t\t\t<section class=\"elementor-section elementor-top-section elementor-element elementor-element-24cfbfa elementor-section-boxed elementor-section-height-default elementor-section-height-default\" data-id=\"24cfbfa\" data-element_type=\"section\">\n\t\t\t\t\t\t<div class=\"elementor-container elementor-column-gap-default\">\n\t\t\t\t\t<div class=\"elementor-column elementor-col-100 elementor-top-column elementor-element elementor-element-8a658b3\" data-id=\"8a658b3\" data-element_type=\"column\">\n\t\t\t<div class=\"elementor-widget-wrap elementor-element-populated\">\n\t\t\t\t\t\t\t\t<div class=\"elementor-element elementor-element-0b207e3 elementor-widget elementor-widget-image\" data-id=\"0b207e3\" data-element_type=\"widget\" data-widget_type=\"image.default\">\n\t\t\t\t<div class=\"elementor-widget-container\">\n\t\t\t\t\t\t\t\t\t\t\t\t<figure class=\"wp-caption\">\n\t\t\t\t\t\t\t\t\t\t<img loading=\"lazy\" decoding=\"async\" width=\"597\" height=\"479\" src=\"https:\/\/leaderlamp.cl\/leaderlamp\/wp-content\/uploads\/2023\/04\/certificado-originalidad.png\" class=\"attachment-large size-large wp-image-534\" alt=\"Certificado de originalidad\" srcset=\"https:\/\/leaderlamp.cl\/leaderlamp\/wp-content\/uploads\/2023\/04\/certificado-originalidad.png 597w, https:\/\/leaderlamp.cl\/leaderlamp\/wp-content\/uploads\/2023\/04\/certificado-originalidad-300x241.png 300w\" sizes=\"auto, (max-width: 597px) 100vw, 597px\" \/>\t\t\t\t\t\t\t\t\t\t\t<figcaption class=\"widget-image-caption wp-caption-text\">Certificado de originalidad<\/figcaption>\n\t\t\t\t\t\t\t\t\t\t<\/figure>\n\t\t\t\t\t\t\t\t\t<\/div>\n\t\t\t\t<\/div>\n\t\t\t\t\t<\/div>\n\t\t<\/div>\n\t\t\t\t\t\t\t<\/div>\n\t\t<\/section>\n\t\t\t\t<section class=\"elementor-section elementor-top-section elementor-element elementor-element-e6385c0 elementor-section-boxed elementor-section-height-default elementor-section-height-default\" data-id=\"e6385c0\" data-element_type=\"section\">\n\t\t\t\t\t\t<div class=\"elementor-container elementor-column-gap-default\">\n\t\t\t\t\t<div class=\"elementor-column elementor-col-100 elementor-top-column elementor-element elementor-element-a491412\" data-id=\"a491412\" data-element_type=\"column\">\n\t\t\t<div class=\"elementor-widget-wrap elementor-element-populated\">\n\t\t\t\t\t\t\t\t<div class=\"elementor-element elementor-element-52cdd28 elementor-widget elementor-widget-image\" data-id=\"52cdd28\" data-element_type=\"widget\" data-widget_type=\"image.default\">\n\t\t\t\t<div class=\"elementor-widget-container\">\n\t\t\t\t\t\t\t\t\t\t\t\t\t\t\t<img loading=\"lazy\" decoding=\"async\" width=\"1024\" height=\"82\" src=\"https:\/\/leaderlamp.cl\/leaderlamp\/wp-content\/uploads\/2023\/03\/banner-fijo-1024x82.png\" class=\"attachment-large size-large wp-image-294\" alt=\"Banner respaldo\" srcset=\"https:\/\/leaderlamp.cl\/leaderlamp\/wp-content\/uploads\/2023\/03\/banner-fijo-1024x82.png 1024w, https:\/\/leaderlamp.cl\/leaderlamp\/wp-content\/uploads\/2023\/03\/banner-fijo-300x24.png 300w, https:\/\/leaderlamp.cl\/leaderlamp\/wp-content\/uploads\/2023\/03\/banner-fijo-768x62.png 768w, https:\/\/leaderlamp.cl\/leaderlamp\/wp-content\/uploads\/2023\/03\/banner-fijo-1536x123.png 1536w, https:\/\/leaderlamp.cl\/leaderlamp\/wp-content\/uploads\/2023\/03\/banner-fijo.png 1832w\" sizes=\"auto, (max-width: 1024px) 100vw, 1024px\" \/>\t\t\t\t\t\t\t\t\t\t\t\t\t\t\t<\/div>\n\t\t\t\t<\/div>\n\t\t\t\t\t<\/div>\n\t\t<\/div>\n\t\t\t\t\t\t\t<\/div>\n\t\t<\/section>\n\t\t\t\t\t\t\t<\/div>\n\t\t","protected":false},"excerpt":{"rendered":"<p>Nuestros productos As\u00ed se compone el producto que usted comprar\u00e1.. Bulbo l\u00e1mpara 100% original Carcasa l\u00e1mpara gen\u00e9rica L\u00e1mpara Embalaje gen\u00e9rico l\u00e1mpara Certificado de origen. Certificado de originalidad<\/p>\n","protected":false},"author":1,"featured_media":0,"parent":0,"menu_order":0,"comment_status":"closed","ping_status":"closed","template":"","meta":{"site-sidebar-layout":"no-sidebar","site-content-layout":"page-builder","ast-global-header-display":"","ast-main-header-display":"","ast-hfb-above-header-display":"","ast-hfb-below-header-display":"","ast-hfb-mobile-header-display":"","site-post-title":"disabled","ast-breadcrumbs-content":"","ast-featured-img":"disabled","footer-sml-layout":"","theme-transparent-header-meta":"","adv-header-id-meta":"","stick-header-meta":"","header-above-stick-meta":"","header-main-stick-meta":"","header-below-stick-meta":"","footnotes":""},"class_list":["post-519","page","type-page","status-publish","hentry"],"_links":{"self":[{"href":"https:\/\/leaderlamp.cl\/leaderlamp\/wp-json\/wp\/v2\/pages\/519","targetHints":{"allow":["GET"]}}],"collection":[{"href":"https:\/\/leaderlamp.cl\/leaderlamp\/wp-json\/wp\/v2\/pages"}],"about":[{"href":"https:\/\/leaderlamp.cl\/leaderlamp\/wp-json\/wp\/v2\/types\/page"}],"author":[{"embeddable":true,"href":"https:\/\/leaderlamp.cl\/leaderlamp\/wp-json\/wp\/v2\/users\/1"}],"replies":[{"embeddable":true,"href":"https:\/\/leaderlamp.cl\/leaderlamp\/wp-json\/wp\/v2\/comments?post=519"}],"version-history":[{"count":37,"href":"https:\/\/leaderlamp.cl\/leaderlamp\/wp-json\/wp\/v2\/pages\/519\/revisions"}],"predecessor-version":[{"id":1472,"href":"https:\/\/leaderlamp.cl\/leaderlamp\/wp-json\/wp\/v2\/pages\/519\/revisions\/1472"}],"wp:attachment":[{"href":"https:\/\/leaderlamp.cl\/leaderlamp\/wp-json\/wp\/v2\/media?parent=519"}],"curies":[{"name":"wp","href":"https:\/\/api.w.org\/{rel}","templated":true}]}}